{"id":2275,"date":"2024-03-22T11:23:13","date_gmt":"2024-03-22T10:23:13","guid":{"rendered":"https:\/\/pal-inzeniring.si\/pal-inzeniring-servis-in-podpora\/"},"modified":"2024-09-18T13:36:04","modified_gmt":"2024-09-18T11:36:04","slug":"pal-inzeniring-servis-in-podpora","status":"publish","type":"page","link":"https:\/\/pal-inzeniring.si\/hr\/pal-inzeniring-servis-in-podpora\/","title":{"rendered":"Servis"},"content":{"rendered":"","protected":false},"excerpt":{"rendered":"","protected":false},"author":1,"featured_media":0,"parent":0,"menu_order":3,"comment_status":"closed","ping_status":"closed","template":"","meta":{"_acf_changed":false,"inline_featured_image":false,"footnotes":""},"class_list":["post-2275","page","type-page","status-publish","hentry"],"acf":[],"yoast_head":"<!-- This site is optimized with the Yoast SEO plugin v27.4 - https:\/\/yoast.com\/product\/yoast-seo-wordpress\/ -->\n<title>Servis - PAL In\u017eeniring<\/title>\n<meta name=\"description\" content=\"Strokovna servisna slu\u017eba za vso opremo, ki jo dobavljamo. Zagotavljamo hitro in zanesljivo podporo.\" \/>\n<meta name=\"robots\" content=\"index, follow, max-snippet:-1, max-image-preview:large, max-video-preview:-1\" \/>\n<link rel=\"canonical\" href=\"https:\/\/pal-inzeniring.si\/hr\/pal-inzeniring-servis-in-podpora\/\" \/>\n<meta property=\"og:locale\" content=\"hr_HR\" \/>\n<meta property=\"og:type\" content=\"article\" \/>\n<meta property=\"og:title\" content=\"Servis - PAL In\u017eeniring\" \/>\n<meta property=\"og:description\" content=\"Strokovna servisna slu\u017eba za vso opremo, ki jo dobavljamo. Zagotavljamo hitro in zanesljivo podporo.\" \/>\n<meta property=\"og:url\" content=\"https:\/\/pal-inzeniring.si\/hr\/pal-inzeniring-servis-in-podpora\/\" \/>\n<meta property=\"og:site_name\" content=\"PAL In\u017eeniring\" \/>\n<meta property=\"article:modified_time\" content=\"2024-09-18T11:36:04+00:00\" \/>\n<meta name=\"twitter:card\" content=\"summary_large_image\" \/>\n<script type=\"application\/ld+json\" class=\"yoast-schema-graph\">{\"@context\":\"https:\\\/\\\/schema.org\",\"@graph\":[{\"@type\":\"WebPage\",\"@id\":\"https:\\\/\\\/pal-inzeniring.si\\\/hr\\\/pal-inzeniring-servis-in-podpora\\\/\",\"url\":\"https:\\\/\\\/pal-inzeniring.si\\\/hr\\\/pal-inzeniring-servis-in-podpora\\\/\",\"name\":\"Servis - PAL In\u017eeniring\",\"isPartOf\":{\"@id\":\"https:\\\/\\\/pal-inzeniring.si\\\/hr\\\/#website\"},\"datePublished\":\"2024-03-22T10:23:13+00:00\",\"dateModified\":\"2024-09-18T11:36:04+00:00\",\"description\":\"Strokovna servisna slu\u017eba za vso opremo, ki jo dobavljamo. Zagotavljamo hitro in zanesljivo podporo.\",\"breadcrumb\":{\"@id\":\"https:\\\/\\\/pal-inzeniring.si\\\/hr\\\/pal-inzeniring-servis-in-podpora\\\/#breadcrumb\"},\"inLanguage\":\"hr\",\"potentialAction\":[{\"@type\":\"ReadAction\",\"target\":[\"https:\\\/\\\/pal-inzeniring.si\\\/hr\\\/pal-inzeniring-servis-in-podpora\\\/\"]}]},{\"@type\":\"BreadcrumbList\",\"@id\":\"https:\\\/\\\/pal-inzeniring.si\\\/hr\\\/pal-inzeniring-servis-in-podpora\\\/#breadcrumb\",\"itemListElement\":[{\"@type\":\"ListItem\",\"position\":1,\"name\":\"Domov\",\"item\":\"https:\\\/\\\/pal-inzeniring.si\\\/hr\\\/\"},{\"@type\":\"ListItem\",\"position\":2,\"name\":\"Servis\"}]},{\"@type\":\"WebSite\",\"@id\":\"https:\\\/\\\/pal-inzeniring.si\\\/hr\\\/#website\",\"url\":\"https:\\\/\\\/pal-inzeniring.si\\\/hr\\\/\",\"name\":\"PAL In\u017eeniring\",\"description\":\"Protipoplavna za\u0161\u010dita, komunalni stroji in oprema\",\"publisher\":{\"@id\":\"https:\\\/\\\/pal-inzeniring.si\\\/hr\\\/#organization\"},\"potentialAction\":[{\"@type\":\"SearchAction\",\"target\":{\"@type\":\"EntryPoint\",\"urlTemplate\":\"https:\\\/\\\/pal-inzeniring.si\\\/hr\\\/?s={search_term_string}\"},\"query-input\":{\"@type\":\"PropertyValueSpecification\",\"valueRequired\":true,\"valueName\":\"search_term_string\"}}],\"inLanguage\":\"hr\"},{\"@type\":\"Organization\",\"@id\":\"https:\\\/\\\/pal-inzeniring.si\\\/hr\\\/#organization\",\"name\":\"PAL In\u017eeniring\",\"url\":\"https:\\\/\\\/pal-inzeniring.si\\\/hr\\\/\",\"logo\":{\"@type\":\"ImageObject\",\"inLanguage\":\"hr\",\"@id\":\"https:\\\/\\\/pal-inzeniring.si\\\/hr\\\/#\\\/schema\\\/logo\\\/image\\\/\",\"url\":\"https:\\\/\\\/pal-inzeniring.si\\\/app\\\/uploads\\\/2024\\\/04\\\/logo-pal.svg\",\"contentUrl\":\"https:\\\/\\\/pal-inzeniring.si\\\/app\\\/uploads\\\/2024\\\/04\\\/logo-pal.svg\",\"width\":100,\"height\":62,\"caption\":\"PAL In\u017eeniring\"},\"image\":{\"@id\":\"https:\\\/\\\/pal-inzeniring.si\\\/hr\\\/#\\\/schema\\\/logo\\\/image\\\/\"}}]}<\/script>\n<!-- \/ Yoast SEO plugin. -->","yoast_head_json":{"title":"Servis - PAL In\u017eeniring","description":"Strokovna servisna slu\u017eba za vso opremo, ki jo dobavljamo. Zagotavljamo hitro in zanesljivo podporo.","robots":{"index":"index","follow":"follow","max-snippet":"max-snippet:-1","max-image-preview":"max-image-preview:large","max-video-preview":"max-video-preview:-1"},"canonical":"https:\/\/pal-inzeniring.si\/hr\/pal-inzeniring-servis-in-podpora\/","og_locale":"hr_HR","og_type":"article","og_title":"Servis - PAL In\u017eeniring","og_description":"Strokovna servisna slu\u017eba za vso opremo, ki jo dobavljamo. Zagotavljamo hitro in zanesljivo podporo.","og_url":"https:\/\/pal-inzeniring.si\/hr\/pal-inzeniring-servis-in-podpora\/","og_site_name":"PAL In\u017eeniring","article_modified_time":"2024-09-18T11:36:04+00:00","twitter_card":"summary_large_image","schema":{"@context":"https:\/\/schema.org","@graph":[{"@type":"WebPage","@id":"https:\/\/pal-inzeniring.si\/hr\/pal-inzeniring-servis-in-podpora\/","url":"https:\/\/pal-inzeniring.si\/hr\/pal-inzeniring-servis-in-podpora\/","name":"Servis - PAL In\u017eeniring","isPartOf":{"@id":"https:\/\/pal-inzeniring.si\/hr\/#website"},"datePublished":"2024-03-22T10:23:13+00:00","dateModified":"2024-09-18T11:36:04+00:00","description":"Strokovna servisna slu\u017eba za vso opremo, ki jo dobavljamo. Zagotavljamo hitro in zanesljivo podporo.","breadcrumb":{"@id":"https:\/\/pal-inzeniring.si\/hr\/pal-inzeniring-servis-in-podpora\/#breadcrumb"},"inLanguage":"hr","potentialAction":[{"@type":"ReadAction","target":["https:\/\/pal-inzeniring.si\/hr\/pal-inzeniring-servis-in-podpora\/"]}]},{"@type":"BreadcrumbList","@id":"https:\/\/pal-inzeniring.si\/hr\/pal-inzeniring-servis-in-podpora\/#breadcrumb","itemListElement":[{"@type":"ListItem","position":1,"name":"Domov","item":"https:\/\/pal-inzeniring.si\/hr\/"},{"@type":"ListItem","position":2,"name":"Servis"}]},{"@type":"WebSite","@id":"https:\/\/pal-inzeniring.si\/hr\/#website","url":"https:\/\/pal-inzeniring.si\/hr\/","name":"PAL In\u017eeniring","description":"Protipoplavna za\u0161\u010dita, komunalni stroji in oprema","publisher":{"@id":"https:\/\/pal-inzeniring.si\/hr\/#organization"},"potentialAction":[{"@type":"SearchAction","target":{"@type":"EntryPoint","urlTemplate":"https:\/\/pal-inzeniring.si\/hr\/?s={search_term_string}"},"query-input":{"@type":"PropertyValueSpecification","valueRequired":true,"valueName":"search_term_string"}}],"inLanguage":"hr"},{"@type":"Organization","@id":"https:\/\/pal-inzeniring.si\/hr\/#organization","name":"PAL In\u017eeniring","url":"https:\/\/pal-inzeniring.si\/hr\/","logo":{"@type":"ImageObject","inLanguage":"hr","@id":"https:\/\/pal-inzeniring.si\/hr\/#\/schema\/logo\/image\/","url":"https:\/\/pal-inzeniring.si\/app\/uploads\/2024\/04\/logo-pal.svg","contentUrl":"https:\/\/pal-inzeniring.si\/app\/uploads\/2024\/04\/logo-pal.svg","width":100,"height":62,"caption":"PAL In\u017eeniring"},"image":{"@id":"https:\/\/pal-inzeniring.si\/hr\/#\/schema\/logo\/image\/"}}]}},"_links":{"self":[{"href":"https:\/\/pal-inzeniring.si\/hr\/wp-json\/wp\/v2\/pages\/2275","targetHints":{"allow":["GET"]}}],"collection":[{"href":"https:\/\/pal-inzeniring.si\/hr\/wp-json\/wp\/v2\/pages"}],"about":[{"href":"https:\/\/pal-inzeniring.si\/hr\/wp-json\/wp\/v2\/types\/page"}],"author":[{"embeddable":true,"href":"https:\/\/pal-inzeniring.si\/hr\/wp-json\/wp\/v2\/users\/1"}],"replies":[{"embeddable":true,"href":"https:\/\/pal-inzeniring.si\/hr\/wp-json\/wp\/v2\/comments?post=2275"}],"version-history":[{"count":2,"href":"https:\/\/pal-inzeniring.si\/hr\/wp-json\/wp\/v2\/pages\/2275\/revisions"}],"predecessor-version":[{"id":2292,"href":"https:\/\/pal-inzeniring.si\/hr\/wp-json\/wp\/v2\/pages\/2275\/revisions\/2292"}],"wp:attachment":[{"href":"https:\/\/pal-inzeniring.si\/hr\/wp-json\/wp\/v2\/media?parent=2275"}],"curies":[{"name":"wp","href":"https:\/\/api.w.org\/{rel}","templated":true}]}}